{"id":206,"date":"2024-10-03T15:16:22","date_gmt":"2024-10-03T15:16:22","guid":{"rendered":"https:\/\/jadeite.yipinqian.com\/?page_id=206"},"modified":"2025-05-20T14:18:25","modified_gmt":"2025-05-20T06:18:25","slug":"about-us","status":"publish","type":"page","link":"https:\/\/jadeite.yipinqian.com\/fr\/about-us\/","title":{"rendered":"\u00c0 propos de nous"},"content":{"rendered":"<div data-elementor-type=\"wp-page\" data-elementor-id=\"206\" class=\"elementor elementor-206\" data-elementor-post-type=\"page\">\n\t\t\t\t<div data-particle_enable=\"false\" data-particle-mobile-disabled=\"false\" class=\"elementor-element elementor-element-14aa1cb e-flex e-con-boxed e-con e-parent\" data-id=\"14aa1cb\" data-element_type=\"container\">\n\t\t\t\t\t<div class=\"e-con-inner\">\n\t\t\t\t<div class=\"elementor-element elementor-element-a286019 elementor-widget elementor-widget-theme-post-featured-image elementor-widget-image\" data-id=\"a286019\" data-element_type=\"widget\" data-widget_type=\"theme-post-featured-image.default\">\n\t\t\t\t<div class=\"elementor-widget-container\">\n\t\t\t\t\t\t\t\t\t\t\t\t\t\t\t<img fetchpriority=\"high\" decoding=\"async\" width=\"700\" height=\"700\" src=\"https:\/\/jadeite.yipinqian.com\/wp-content\/uploads\/2024\/10\/WhatsApp-Image-2024-07-17-at-10.07.22_e80b3061-700x700.jpg\" class=\"attachment-large size-large wp-image-3165\" alt=\"\u00c0 propos de nous - Jade Jewellery\" srcset=\"https:\/\/jadeite.yipinqian.com\/wp-content\/uploads\/2024\/10\/WhatsApp-Image-2024-07-17-at-10.07.22_e80b3061-700x700.jpg 700w, https:\/\/jadeite.yipinqian.com\/wp-content\/uploads\/2024\/10\/WhatsApp-Image-2024-07-17-at-10.07.22_e80b3061-300x300.jpg 300w, https:\/\/jadeite.yipinqian.com\/wp-content\/uploads\/2024\/10\/WhatsApp-Image-2024-07-17-at-10.07.22_e80b3061-130x130.jpg 130w, https:\/\/jadeite.yipinqian.com\/wp-content\/uploads\/2024\/10\/WhatsApp-Image-2024-07-17-at-10.07.22_e80b3061-768x768.jpg 768w, https:\/\/jadeite.yipinqian.com\/wp-content\/uploads\/2024\/10\/WhatsApp-Image-2024-07-17-at-10.07.22_e80b3061.jpg 1080w\" sizes=\"(max-width: 700px) 100vw, 700px\" title=\"\">\t\t\t\t\t\t\t\t\t\t\t\t\t\t\t<\/div>\n\t\t\t\t<\/div>\n\t\t\t\t\t<\/div>\n\t\t\t\t<\/div>\n\t\t<div data-particle_enable=\"false\" data-particle-mobile-disabled=\"false\" class=\"elementor-element elementor-element-345425f7 e-flex e-con-boxed e-con e-parent\" data-id=\"345425f7\" data-element_type=\"container\">\n\t\t\t\t\t<div class=\"e-con-inner\">\n\t\t\t\t<div class=\"elementor-element elementor-element-212f20ee elementor-widget elementor-widget-text-editor\" data-id=\"212f20ee\" data-element_type=\"widget\" data-widget_type=\"text-editor.default\">\n\t\t\t\t<div class=\"elementor-widget-container\">\n\t\t\t\t\t\t\t\t\t<h2><strong>Yi Pin Qian \u00c0 propos de nous : Les meilleurs bijoux en jade jad\u00e9ite de Singapour<\/strong><\/h2>\n<p><!-- \/wp:heading --><!-- wp:paragraph --><\/p>\n<p>Bienvenue chez Yi Pin Qian, la premi\u00e8re destination de Singapour pour les bijoux exquis en jade jad\u00e9ite. Depuis 2016, nous nous consacrons \u00e0 fournir \u00e0 nos clients les plus belles pi\u00e8ces en jade jad\u00e9ite naturelle de type A, m\u00e9ticuleusement fabriqu\u00e9es avec de l&#039;or 18 carats et des montures S925<\/p>\n<p><!-- \/wp:paragraph --><!-- wp:heading --><\/p>\n<h3 id=\"h-our-collections\" class=\"wp-block-heading\"><strong>Nos Collections<\/strong><\/h3>\n<p><!-- \/wp:heading --><!-- wp:heading {\"level\":3} --><\/p>\n<h4 id=\"h-indulge-in-our-stunning-range-of\" class=\"wp-block-heading\"><strong>Laissez-vous tenter par notre superbe gamme de :<\/strong><\/h4>\n<p><!-- \/wp:heading --><!-- wp:paragraph --><\/p>\n<p>Pendentifs : ils incarnent l&#039;\u00e9l\u00e9gance intemporelle avec des motifs complexes et les couleurs vibrantes de la jad\u00e9ite. Bagues : leurs montures \u00e9l\u00e9gantes mettent en valeur la beaut\u00e9 naturelle des pi\u00e8ces exquises en jad\u00e9ite. Bracelets : \u00e0 la fois d\u00e9licats et audacieux, ils sont parfaits pour un usage quotidien.<\/p>\n<p><!-- \/wp:paragraph --><!-- wp:heading {\"level\":3} --><\/p>\n<h4 id=\"h-why-choose-yi-pin-qian\" class=\"wp-block-heading\"><strong>Pourquoi choisir Yi Pin Qian ?<\/strong><\/h4>\n<p><!-- \/wp:heading --><!-- wp:paragraph --><\/p>\n<p>Authenticit\u00e9 : Nous traitons uniquement du jade jad\u00e9ite naturel.<br \/>Qualit\u00e9 : Des normes sans compromis en mati\u00e8re de mat\u00e9riaux et de savoir-faire.<br \/>Mod\u00e8les uniques : des pi\u00e8ces exclusives con\u00e7ues pour impressionner.<\/p>\n<p><!-- \/wp:paragraph --><!-- wp:heading {\"level\":3} --><\/p>\n<h4 id=\"h-our-story\" class=\"wp-block-heading\"><strong>Notre histoire<\/strong><\/h4>\n<p><!-- \/wp:heading --><!-- wp:paragraph --><\/p>\n<p>Yi Pin Qian, qui signifie \u00ab une pi\u00e8ce d\u2019argent \u00bb en chinois, repr\u00e9sente notre engagement \u00e0 cr\u00e9er des pi\u00e8ces uniques et exclusives. Nos origines sont enracin\u00e9es dans une profonde appr\u00e9ciation de la tradition s\u00e9culaire de la sculpture sur jade, un artisanat qui nous a permis de devenir un nom renomm\u00e9 dans le domaine.<\/p>\n<figure class=\"wp-block-gallery has-nested-images columns-default is-cropped\">\n<figure class=\"wp-block-image size-large\"><\/figure>\n<\/figure>\n<p><!-- \/wp:buttons --><\/p>\t\t\t\t\t\t\t\t<\/div>\n\t\t\t\t<\/div>\n\t\t\t\t\t<\/div>\n\t\t\t\t<\/div>\n\t\t<div data-particle_enable=\"false\" data-particle-mobile-disabled=\"false\" class=\"elementor-element elementor-element-6faadd6 e-flex e-con-boxed e-con e-parent\" data-id=\"6faadd6\" data-element_type=\"container\">\n\t\t\t\t\t<div class=\"e-con-inner\">\n\t\t\t\t<div class=\"elementor-element elementor-element-9ab4df2 content-align-cta-default elementor-widget elementor-widget-eael-cta-box\" data-id=\"9ab4df2\" data-element_type=\"widget\" data-widget_type=\"eael-cta-box.default\">\n\t\t\t\t<div class=\"elementor-widget-container\">\n\t\t\t\t\t\t\t<div class=\"eael-call-to-action cta-basic bg-lite cta-preset-1\">\n        <h2 class=\"title\">Notre boutique en ligne<\/h2><p>Demande de produit \/ Boutique en ligne<\/p><a href=\"https:\/\/jadeite.yipinqian.com\/fr\/contact-us\/\" class=\"cta-button cta-preset-1\">Enqu\u00eate<\/a><a href=\"https:\/\/shop.yipinqian.com\/\" class=\"cta-button cta-secondary-button\" target=\"_blank\" rel=\"noopener\">Boutique en ligne<\/a>\t<\/div>\n\t\t\t\t\t\t\t\t<\/div>\n\t\t\t\t<\/div>\n\t\t\t\t\t<\/div>\n\t\t\t\t<\/div>\n\t\t<div data-particle_enable=\"false\" data-particle-mobile-disabled=\"false\" class=\"elementor-element elementor-element-e992546 e-flex e-con-boxed e-con e-parent\" data-id=\"e992546\" data-element_type=\"container\">\n\t\t\t\t\t<div class=\"e-con-inner\">\n\t\t\t\t<div class=\"elementor-element elementor-element-50ef0e8 elementor-widget elementor-widget-text-editor\" data-id=\"50ef0e8\" data-element_type=\"widget\" data-widget_type=\"text-editor.default\">\n\t\t\t\t<div class=\"elementor-widget-container\">\n\t\t\t\t\t\t\t\t\t<p><nav aria-label=\"chapelure\" class=\"rank-math-breadcrumb\"><p><span class=\"last\">Maison<\/span><\/p><\/nav><\/p>\t\t\t\t\t\t\t\t<\/div>\n\t\t\t\t<\/div>\n\t\t\t\t\t<\/div>\n\t\t\t\t<\/div>\n\t\t<div data-particle_enable=\"false\" data-particle-mobile-disabled=\"false\" class=\"elementor-element elementor-element-a348920 e-flex e-con-boxed e-con e-parent\" data-id=\"a348920\" data-element_type=\"container\">\n\t\t\t\t\t<div class=\"e-con-inner\">\n\t\t\t\t<div class=\"elementor-element elementor-element-78532de elementor-widget elementor-widget-shortcode\" data-id=\"78532de\" data-element_type=\"widget\" data-widget_type=\"shortcode.default\">\n\t\t\t\t<div class=\"elementor-widget-container\">\n\t\t\t\t\t\t\t<div class=\"elementor-shortcode\">[bizmember_popup]<\/div>\n\t\t\t\t\t\t<\/div>\n\t\t\t\t<\/div>\n\t\t\t\t\t<\/div>\n\t\t\t\t<\/div>\n\t\t\t\t<\/div>","protected":false},"excerpt":{"rendered":"<p>Yi Pin Qian About Us: Singapore&#8217;s Premier Jadeite Jade Jewellery Welcome to Yi Pin Qian, Singapore&#8217;s premier destination for exquisite jadeite jade jewelry. Since 2016, we have been dedicated to providing our customers with the finest natural Type A jadeite jade pieces, meticulously crafted with 18K gold and S925 settings Our Collections Indulge in our [&hellip;]<\/p>","protected":false},"author":1,"featured_media":0,"parent":0,"menu_order":0,"comment_status":"closed","ping_status":"closed","template":"","meta":{"footnotes":""},"class_list":["post-206","page","type-page","status-publish","hentry"],"_links":{"self":[{"href":"https:\/\/jadeite.yipinqian.com\/fr\/wp-json\/wp\/v2\/pages\/206","targetHints":{"allow":["GET"]}}],"collection":[{"href":"https:\/\/jadeite.yipinqian.com\/fr\/wp-json\/wp\/v2\/pages"}],"about":[{"href":"https:\/\/jadeite.yipinqian.com\/fr\/wp-json\/wp\/v2\/types\/page"}],"author":[{"embeddable":true,"href":"https:\/\/jadeite.yipinqian.com\/fr\/wp-json\/wp\/v2\/users\/1"}],"replies":[{"embeddable":true,"href":"https:\/\/jadeite.yipinqian.com\/fr\/wp-json\/wp\/v2\/comments?post=206"}],"version-history":[{"count":0,"href":"https:\/\/jadeite.yipinqian.com\/fr\/wp-json\/wp\/v2\/pages\/206\/revisions"}],"wp:attachment":[{"href":"https:\/\/jadeite.yipinqian.com\/fr\/wp-json\/wp\/v2\/media?parent=206"}],"curies":[{"name":"wp","href":"https:\/\/api.w.org\/{rel}","templated":true}]}}